{"id":5,"date":"2014-01-08T20:12:20","date_gmt":"2014-01-08T18:12:20","guid":{"rendered":"http:\/\/sternsinger-da-martinsviertel.de\/?page_id=5"},"modified":"2026-03-01T12:53:28","modified_gmt":"2026-03-01T11:53:28","slug":"die-aktion","status":"publish","type":"page","link":"https:\/\/sternsinger-da-martinsviertel.de\/","title":{"rendered":"Sternsinger im Martinsviertel"},"content":{"rendered":"\n<h2 class=\"wp-block-heading\"><\/h2>\n\n\n\n<figure class=\"wp-block-image size-large\"><a href=\"https:\/\/sternsinger-da-martinsviertel.de\/wp-content\/uploads\/2023\/11\/tas03654.jpg\"><img loading=\"lazy\" decoding=\"async\" width=\"1024\" height=\"682\" src=\"https:\/\/sternsinger-da-martinsviertel.de\/wp-content\/uploads\/2023\/11\/tas03654-1024x682.jpg\" alt=\"\" class=\"wp-image-2119\" srcset=\"https:\/\/sternsinger-da-martinsviertel.de\/wp-content\/uploads\/2023\/11\/tas03654-1024x682.jpg 1024w, https:\/\/sternsinger-da-martinsviertel.de\/wp-content\/uploads\/2023\/11\/tas03654-300x200.jpg 300w, https:\/\/sternsinger-da-martinsviertel.de\/wp-content\/uploads\/2023\/11\/tas03654-768x512.jpg 768w, https:\/\/sternsinger-da-martinsviertel.de\/wp-content\/uploads\/2023\/11\/tas03654-600x400.jpg 600w, https:\/\/sternsinger-da-martinsviertel.de\/wp-content\/uploads\/2023\/11\/tas03654-1536x1024.jpg 1536w, https:\/\/sternsinger-da-martinsviertel.de\/wp-content\/uploads\/2023\/11\/tas03654.jpg 2000w\" sizes=\"auto, (max-width: 1024px) 100vw, 1024px\" \/><\/a><\/figure>\n\n\n\n<h2 class=\"wp-block-heading\"><strong>Sternsingeraktion 2026 ist beendet. <\/strong><\/h2>\n\n\n\n<h4 class=\"wp-block-heading\"><strong>Wir danken allen Gastgebern und Spendern. <\/strong><\/h4>\n\n\n\n<p>Die Sternsingeraktion 2027 findet vom 06.01. &#8211; 10.01.2027 statt.<\/p>\n\n\n\n<h3 class=\"wp-block-heading\"><strong>\u00d6kumenische Sternsinger im Martinsviertel Darmstadt<\/strong><\/h3>\n\n\n\n<p>Im Martinsviertel Darmstadt findet die Aktion seit \u00fcber 20 Jahren \u00f6kumenisch statt. Kinder der kath. Gemeinden St. Elisabeth, St. Fidelis sowie der ev. Segensgemeinde (ehemals Martin-Luther\u2013, Michaels- und Thomasgemeinde) sind gemeinsam unterwegs, um den Segen zu den Menschen zu bringen und Geld f\u00fcr Kinder in Not weltweit zu sammeln.<\/p>\n\n\n\n<h3 class=\"wp-block-heading\">weitere Informationen<\/h3>\n\n\n\n<ul class=\"wp-block-list\">\n<li><a href=\"https:\/\/www.sternsinger.de\/sternsingen\/sternsingen-so-gehts\/\" target=\"_blank\" rel=\"noreferrer noopener\">Kurzvideos zu \u201eSternsingen, so geht\u2019s!\u201c<\/a><\/li>\n\n\n\n<li><a href=\"https:\/\/www.sternsinger.de\/ueber-uns\/wer-wir-sind\/\" target=\"_blank\" rel=\"noreferrer noopener\">Die Sternsinger \u2013 Wer sind wir?<\/a><\/li>\n\n\n\n<li>oder unter 06151 \/ 6293814 oder mitmachen@sternsinger-da-martinsviertel.de<\/li>\n<\/ul>\n","protected":false},"excerpt":{"rendered":"<p>Sternsingeraktion 2026 ist beendet. Wir danken allen Gastgebern und Spendern. Die Sternsingeraktion 2027 findet vom 06.01. &#8211; 10.01.2027 statt. \u00d6kumenische Sternsinger im Martinsviertel Darmstadt Im Martinsviertel Darmstadt findet die Aktion seit \u00fcber 20 Jahren \u00f6kumenisch statt. Kinder der kath. Gemeinden St. Elisabeth, St. Fidelis sowie der ev. Segensgemeinde (ehemals Martin-Luther\u2013, Michaels- und Thomasgemeinde) sind gemeinsam &hellip; <a href=\"https:\/\/sternsinger-da-martinsviertel.de\/\" class=\"more-link\"><span class=\"screen-reader-text\">Sternsinger im Martinsviertel<\/span> weiterlesen <span class=\"meta-nav\">&rarr;<\/span><\/a><\/p>\n","protected":false},"author":3,"featured_media":0,"parent":0,"menu_order":0,"comment_status":"closed","ping_status":"closed","template":"","meta":{"footnotes":""},"class_list":["post-5","page","type-page","status-publish","hentry"],"_links":{"self":[{"href":"https:\/\/sternsinger-da-martinsviertel.de\/index.php?rest_route=\/wp\/v2\/pages\/5","targetHints":{"allow":["GET"]}}],"collection":[{"href":"https:\/\/sternsinger-da-martinsviertel.de\/index.php?rest_route=\/wp\/v2\/pages"}],"about":[{"href":"https:\/\/sternsinger-da-martinsviertel.de\/index.php?rest_route=\/wp\/v2\/types\/page"}],"author":[{"embeddable":true,"href":"https:\/\/sternsinger-da-martinsviertel.de\/index.php?rest_route=\/wp\/v2\/users\/3"}],"replies":[{"embeddable":true,"href":"https:\/\/sternsinger-da-martinsviertel.de\/index.php?rest_route=%2Fwp%2Fv2%2Fcomments&post=5"}],"version-history":[{"count":201,"href":"https:\/\/sternsinger-da-martinsviertel.de\/index.php?rest_route=\/wp\/v2\/pages\/5\/revisions"}],"predecessor-version":[{"id":2649,"href":"https:\/\/sternsinger-da-martinsviertel.de\/index.php?rest_route=\/wp\/v2\/pages\/5\/revisions\/2649"}],"wp:attachment":[{"href":"https:\/\/sternsinger-da-martinsviertel.de\/index.php?rest_route=%2Fwp%2Fv2%2Fmedia&parent=5"}],"curies":[{"name":"wp","href":"https:\/\/api.w.org\/{rel}","templated":true}]}}