{"id":75,"date":"2014-01-12T19:55:42","date_gmt":"2014-01-12T17:55:42","guid":{"rendered":"http:\/\/sternsinger-da-martinsviertel.de\/?page_id=75"},"modified":"2023-02-14T19:14:50","modified_gmt":"2023-02-14T18:14:50","slug":"impressum","status":"publish","type":"page","link":"https:\/\/sternsinger-da-martinsviertel.de\/?page_id=75","title":{"rendered":"Impressum"},"content":{"rendered":"<div id=\"impressum\">\n<form><b>Herausgeber <\/b>der Internetseiten unter<\/p>\n<blockquote class=\"wp-embedded-content\" data-secret=\"84JAUmTLaK\"><p><a href=\"https:\/\/sternsinger-da-martinsviertel.de\/\">Sternsinger im Martinsviertel<\/a><\/p><\/blockquote>\n<p><iframe loading=\"lazy\" class=\"wp-embedded-content\" sandbox=\"allow-scripts\" security=\"restricted\" style=\"position: absolute; visibility: hidden;\" title=\"&#8222;Sternsinger im Martinsviertel&#8220; &#8212; Sternsinger Martinsviertel Darmstadt\" src=\"https:\/\/sternsinger-da-martinsviertel.de\/?embed=true#?secret=HJfrCR1vNN#?secret=84JAUmTLaK\" data-secret=\"84JAUmTLaK\" width=\"600\" height=\"338\" frameborder=\"0\" marginwidth=\"0\" marginheight=\"0\" scrolling=\"no\"><\/iframe><\/p>\n<p>ist die Pfarrei St. Elisabeth Darmstadt<br \/>\nvertreten durch: Pfr. Dr. Christoph Klock<br \/>\nSchlo\u00dfgartenstr. 57<br \/>\n64289 Darmstadt<br \/>\nTel: 06151 \/ 74747<br \/>\nFax: 06151 \/ 732586<br \/>\nE-Mail: <a title=\"Pfarrbuero@St-Elisabeth-DA.de\" href=\"mailto:Pfarrbuero@St-Elisabeth-DA.de\"><span class=\"email\">Pfarrbuero@St-Elisabeth-DA.de<\/span><\/a><\/p>\n<p>inhaltlich verantwortlich: Pfr. Dr. Christoph Klock<br \/>\n(<a title=\"Pfarrbuero@St-Elisabeth-DA.de\" href=\"mailto:Pfarrbuero@St-Elisabeth-DA.de\"><span class=\"email\">Pfarrbuero@St-Elisabeth-DA.de<\/span><\/a>)<br \/>\ntechnisch verantwortlich: Klaus Liepach<br \/>\n(liepach@sternsinger-da-martinsviertel.de)<\/p>\n<p><b>Redaktionell eigenst\u00e4ndige Teile von Dekanaten, Pfarreien, Einrichtungen, etc.<\/b><br \/>\n<b>Rechtliche Hinweise<\/b><\/p>\n<p>Zugang und Nutzung f\u00fcr Besucher dieser Website unterliegen den folgenden Bestimmungen. Falls Sie mit diesen Bestimmungen nicht einverstanden sind, nutzen Sie diese Website bitte nicht. Durch weitere Nutzung der Seiten dokumentieren Sie ihr Einverst\u00e4ndnis mit den aufgef\u00fchrten Nutzungsbedingungen.<\/p>\n<p><b>Urheberrechtlicher Hinweis<\/b><\/p>\n<p>Die vorliegenden Inhalte unseres Internetauftrittes sind urheberrechtlich gesch\u00fctzt. Alle Rechte sind vorbehalten. Die Verwendung der Texte und Abbildungen, auch auszugsweise, zu anderen als pers\u00f6nlichen Zwecken verst\u00f6\u00dft gegen die Bestimmungen des Urheberrechts und ist damit rechtswidrig, sofern wir einer solchen Verwendung nicht vorab schriftlich zugestimmt haben. Dies gilt insbesondere f\u00fcr s\u00e4mtliche eventuellen Verwertungsrechte wie Vervielf\u00e4ltigung, \u00dcbersetzung oder Verwendung in elektronischen Systemen. Werden die Inhalte zu pers\u00f6nlichen Zwecken verwendet, so d\u00fcrfen die Informationen in keiner Weise ver\u00e4ndert und s\u00e4mtliche Darstellungen der Website nur zusammen mit dem dazugeh\u00f6rigen Text verwendet werden. In den Internet-Auftritten werden m\u00f6glicherweise eingetragene Marken, Handelsnamen, Gebrauchsmuster und Logos verwendet. Auch wenn diese nicht als solche gekennzeichnet sind, gelten die entsprechenden gesetzlichen Bestimmungen.<\/p>\n<p><b>Haftungsbeschr\u00e4nkung<\/b><\/p>\n<p>Wir sind als Inhaltsanbieter nach \u00a7 7 Telemediengesetz f\u00fcr unsere &#8222;eigenen Inhalte&#8220;, welche wir auf unserer Website zur Nutzung bereitstellen, verantwortlich und haben die auf dieser Website gesammelten Informationen sorgf\u00e4ltig zusammengestellt. Wir sind bem\u00fcht, unser Informationsangebot stetig zu erweitern und aktuell zu halten. Gleichwohl k\u00f6nnen Informationen veraltet oder aus anderen Gr\u00fcnden \u00fcberholt oder unbrauchbar bzw. unrichtig sein. Die Informationen und Angaben auf diesen Seiten stellen daher unter keinem Umstand eine Zusicherung oder Garantie dar, sei sie ausdr\u00fccklich oder stillschweigend.<br \/>\nMit Nutzung unseres Internetangebotes wird das Einverst\u00e4ndnis erkl\u00e4rt, auf diese Website und deren Inhalte auf eigenes Risiko zuzugreifen. Weder das Bistum noch Dritte, die in die Erstellung, Produktion oder \u00dcbermittlung dieser Website involviert sind, haften f\u00fcr Sch\u00e4den oder Verletzungen, die sich aus dem Zugang oder der Unm\u00f6glichkeit des Zugangs, der Nutzung oder Unm\u00f6glichkeit der Nutzung dieser Website oder aus dem Umstand entstehen, dass Sie sich auf eine Information verlassen, die auf dieser Website enthalten ist.<\/p>\n<p><b>Haftung f\u00fcr Links<\/b><\/p>\n<p>Von den in unserer Website bereitgestellten &#8222;eigenen Inhalten&#8220; sind Querverweise (im folgenden auch &#8222;Links&#8220;) auf die von anderen Anbietern bereitgehaltenen Inhalte zu unterscheiden (\u00a7 8 Telemediengesetz). Wir weisen ausdr\u00fccklich darauf hin, dass wir uns die Inhalte auf den verlinkten Websites nicht zu eigen machen. F\u00fcr diese &#8222;fremden Inhalte&#8220; sind wir nicht verantwortlich, da wir die \u00dcbermittlung der Information nicht veranlasst, den Adressaten der \u00fcbermittelten Informationen nicht ausgew\u00e4hlt und auch die \u00fcbermittelten Informationen nicht ausgew\u00e4hlt oder ver\u00e4ndert haben.<\/p>\n<p><b>Anwendbares Recht<\/b><\/p>\n<p>S\u00e4mtliche in Verbindung mit der Nutzung dieser Website oder mit ihr sonst in Zusammenhang stehenden Anspr\u00fcche unterliegen dem Recht der Bundesrepublik Deutschland einschlie\u00dflich der Regelungen des Internationalen Privatrechts.<\/p>\n<p><b>Erhebung und Verarbeitung pers\u00f6nlicher Daten<\/b><\/p>\n<p>Sie k\u00f6nnen unsere Website grunds\u00e4tzlich ohne Offenlegung Ihrer pers\u00f6nlichen Daten nutzen. Durch das Aufrufen unseres Internetauftrittes werden auf unseren Servern Daten f\u00fcr Sicherungszwecke gespeichert, wie der Namen Ihres Internetserviceproviders, die Website, von der aus Sie uns besuchen, die Websites, die Sie bei uns besuchen und Ihre IP-Adresse. Anhand dieser Daten kann unter Umst\u00e4nden eine Identifizierung m\u00f6glich sein. Eine personenbezogene Verwertung findet diesbez\u00fcglich jedoch nicht statt. Solche Daten k\u00f6nnen jedoch zu statistischen Zwecken ausgewertet werden, wobei der einzelne Benutzer jedoch anonym bleibt.<\/p>\n<p>Pers\u00f6nliche Daten werden dar\u00fcber hinaus nur dann gespeichert, wenn Sie uns diese von sich aus angeben.<\/p>\n<\/form>\n<\/div>\n","protected":false},"excerpt":{"rendered":"<p>Herausgeber der Internetseiten unter Sternsinger im Martinsviertel ist die Pfarrei St. Elisabeth Darmstadt vertreten durch: Pfr. Dr. Christoph Klock Schlo\u00dfgartenstr. 57 64289 Darmstadt Tel: 06151 \/ 74747 Fax: 06151 \/ 732586 E-Mail: Pfarrbuero@St-Elisabeth-DA.de inhaltlich verantwortlich: Pfr. Dr. Christoph Klock (Pfarrbuero@St-Elisabeth-DA.de) technisch verantwortlich: Klaus Liepach (liepach@sternsinger-da-martinsviertel.de) Redaktionell eigenst\u00e4ndige Teile von Dekanaten, Pfarreien, Einrichtungen, etc. Rechtliche Hinweise &hellip; <a href=\"https:\/\/sternsinger-da-martinsviertel.de\/?page_id=75\" class=\"more-link\"><span class=\"screen-reader-text\">Impressum<\/span> weiterlesen <span class=\"meta-nav\">&rarr;<\/span><\/a><\/p>\n","protected":false},"author":108,"featured_media":0,"parent":0,"menu_order":0,"comment_status":"closed","ping_status":"closed","template":"","meta":{"footnotes":""},"class_list":["post-75","page","type-page","status-publish","hentry"],"_links":{"self":[{"href":"https:\/\/sternsinger-da-martinsviertel.de\/index.php?rest_route=\/wp\/v2\/pages\/75","targetHints":{"allow":["GET"]}}],"collection":[{"href":"https:\/\/sternsinger-da-martinsviertel.de\/index.php?rest_route=\/wp\/v2\/pages"}],"about":[{"href":"https:\/\/sternsinger-da-martinsviertel.de\/index.php?rest_route=\/wp\/v2\/types\/page"}],"author":[{"embeddable":true,"href":"https:\/\/sternsinger-da-martinsviertel.de\/index.php?rest_route=\/wp\/v2\/users\/108"}],"replies":[{"embeddable":true,"href":"https:\/\/sternsinger-da-martinsviertel.de\/index.php?rest_route=%2Fwp%2Fv2%2Fcomments&post=75"}],"version-history":[{"count":14,"href":"https:\/\/sternsinger-da-martinsviertel.de\/index.php?rest_route=\/wp\/v2\/pages\/75\/revisions"}],"predecessor-version":[{"id":2087,"href":"https:\/\/sternsinger-da-martinsviertel.de\/index.php?rest_route=\/wp\/v2\/pages\/75\/revisions\/2087"}],"wp:attachment":[{"href":"https:\/\/sternsinger-da-martinsviertel.de\/index.php?rest_route=%2Fwp%2Fv2%2Fmedia&parent=75"}],"curies":[{"name":"wp","href":"https:\/\/api.w.org\/{rel}","templated":true}]}}