{"id":942,"date":"2018-05-27T16:41:33","date_gmt":"2018-05-27T15:41:33","guid":{"rendered":"http:\/\/sternsinger-da-martinsviertel.de\/?page_id=942"},"modified":"2019-11-16T17:52:59","modified_gmt":"2019-11-16T16:52:59","slug":"datenschutz","status":"publish","type":"page","link":"https:\/\/sternsinger-da-martinsviertel.de\/?page_id=942","title":{"rendered":"Datenschutz"},"content":{"rendered":"<p><strong>\u00d6kumenische Sternsinger im Martinsviertel<\/strong><br \/>\nLetzte Aktualisierung 16.11.2019<\/p>\n<h3>Allgemeines<\/h3>\n<p>Der Schutz der pers\u00f6nlichen Daten hat f\u00fcr duns einen hohen Stellenwert. Es ist uns wichtig, Sie dar\u00fcber zu informieren, welche pers\u00f6nlichen Daten wir w\u00e4hrend Ihres Besuchs auf unseren Webseiten erfassen, wie diese verwendet werden und welche Gestaltungsm\u00f6glichkeiten Sie dabei haben. Dieser Datenschutzhinweis gibt Ihnen Antworten auf die wichtigsten Fragen.<\/p>\n<h3>Welche Daten werden erfasst und wie werden sie verwendet?<\/h3>\n<h4>Zugriffsdaten\/ Server-Logfiles<\/h4>\n<p>Der Anbieter (beziehungsweise sein Webspace-Provider) erhebt Daten \u00fcber jeden Zugriff auf das Angebot (so genannte Serverlogfiles). Zu den Zugriffsdaten geh\u00f6ren:<\/p>\n<p>Name der abgerufenen Webseite, Datei, Datum und Uhrzeit des Abrufs, \u00fcbertragene Datenmenge, Meldung \u00fcber erfolgreichen Abruf, Browsertyp nebst Version, das Betriebssystem des Nutzers, Referrer URL (die zuvor besuchte Seite), IP-Adresse und der anfragende Provider.<\/p>\n<p>Der Anbieter verwendet die Protokolldaten nur f\u00fcr statistische Auswertungen zum Zweck des Betriebs, der Sicherheit und der Optimierung des Angebotes. Der Anbieterbeh\u00e4lt sich jedoch vor, die Protokolldaten nachtr\u00e4glich zu \u00fcberpr\u00fcfen, wenn aufgrund konkreter Anhaltspunkte der berechtigte Verdacht einer rechtswidrigen Nutzung besteht.<\/p>\n<h4>Kontaktaufnahme<\/h4>\n<p>Bei der Kontaktaufnahme mit dem Anbieter (zum Beispiel per Kontaktformular oder E-Mail) werden die Angaben des Nutzers zwecks Bearbeitung der Anfrage sowie f\u00fcr den Fall, dass Anschlussfragen entstehen, gespeichert.<\/p>\n<h4>Einbindung von Diensten und Inhalten Dritter<\/h4>\n<p>Es kann vorkommen, dass innerhalb dieses Onlineangebotes Inhalte Dritter, wie zum Beispiel Videos von YouTube, Kartenmaterial von Google-Maps, RSS-Feeds oder Grafiken von anderen Webseiten eingebunden werden. Dies setzt immer voraus, dass die Anbieter dieser Inhalte (nachfolgend bezeichnet als \u201eDritt-Anbieter\u201c) die IP-Adresse der Nutzer wahr nehmen. Denn ohne die IP-Adresse, k\u00f6nnten sie die Inhalte nicht an den Browser des jeweiligen Nutzers senden. Die IP-Adresse ist damit f\u00fcr die Darstellung dieser Inhalte erforderlich. Wir bem\u00fchen uns nur solche Inhalte zu verwenden, deren jeweilige Anbieter die IP-Adresse lediglich zur Auslieferung der Inhalte verwenden. Jedoch haben wir keinen Einfluss darauf, falls die Dritt-Anbieter die IP-Adresse z.B. f\u00fcr statistische Zwecke speichern. Soweit dies uns bekannt ist, kl\u00e4ren wir die Nutzer dar\u00fcber auf.<\/p>\n<h5>Google Analytics<\/h5>\n<p>Dieses Angebot benutzt Google Analytics, einen Webanalysedienst der Google Inc. (\u201eGoogle\u201c). Google Analytics verwendet sog. \u201eCookies\u201c, Textdateien, die auf Computer der Nutzer gespeichert werden und die eine Analyse der Benutzung der Website durch sie erm\u00f6glichen. Die durch den Cookie erzeugten Informationen \u00fcber Benutzung dieser Website durch die Nutzer werden in der Regel an einen Server von Google in den USA \u00fcbertragen und dort gespeichert.<\/p>\n<p>Im Falle der Aktivierung der IP-Anonymisierung auf dieser Webseite, wird die IP-Adresse der Nutzer von Google jedoch innerhalb von Mitgliedstaaten der Europ\u00e4ischen Union oder in anderen Vertragsstaaten des Abkommens \u00fcber den Europ\u00e4ischen Wirtschaftsraum zuvor gek\u00fcrzt. Nur in Ausnahmef\u00e4llen wird die volle IP-Adresse an einen Server von Google in den USA \u00fcbertragen und dort gek\u00fcrzt. Die IP-Anonymisierung ist auf dieser Website aktiv. Im Auftrag des Betreibers dieser Website wird Google diese Informationen benutzen, um die Nutzung der Website durch die Nutzer auszuwerten, um Reports \u00fcber die Websiteaktivit\u00e4ten zusammenzustellen und um weitere mit der Websitenutzung und der Internetnutzung verbundene Dienstleistungen gegen\u00fcber dem Websitebetreiber zu erbringen.<\/p>\n<p>Die im Rahmen von Google Analytics von Ihrem Browser \u00fcbermittelte IP-Adresse wird nicht mit anderen Daten von Google zusammengef\u00fchrt. Die Nutzer k\u00f6nnen die Speicherung der Cookies durch eine entsprechende Einstellung Ihrer Browser-Software verhindern; Dieses Angebot weist die Nutzer jedoch darauf hin, dass Sie in diesem Fall gegebenenfalls nicht s\u00e4mtliche Funktionen dieser Website vollumf\u00e4nglich werden nutzen k\u00f6nnen. Die Nutzer k\u00f6nnen dar\u00fcber hinaus die Erfassung der durch das Cookie erzeugten und auf ihre Nutzung der Website bezogenen Daten (inkl. Ihrer IP-Adresse) an Google sowie die Verarbeitung dieser Daten durch Google verhindern, indem sie das unter dem folgenden Link verf\u00fcgbare Browser-Plugin herunterladen und installieren: http:\/\/tools.google.com\/dlpage\/gaoptout?hl=de.<\/p>\n<h4>Anmeldung zu Sternsingeraktion<\/h4>\n<h5>Hausbesuche<\/h5>\n<p>Bei einer Anmeldung zu Hausbesuchen werden f\u00fcr Organisation und Durchf\u00fchrung der Hausbesuche folgende Daten erhoben<\/p>\n<ul>\n<li>Nachname<\/li>\n<li>Vorname<\/li>\n<li>Datum des gew\u00fcnschten Besuchstages<\/li>\n<li>Wohnviertel<\/li>\n<li>Stra\u00dfe, Hausnr.<\/li>\n<li>PLZ, Ort<\/li>\n<li>Telefon<\/li>\n<li>Email<\/li>\n<li>Sonstige Angaben\/W\u00fcnsche<\/li>\n<li>Einverst\u00e4ndnis, dass pers\u00f6nlichen Daten daf\u00fcr verwendet werden d\u00fcrfen, im n\u00e4chsten Jahr erneut \u00fcber die Sternsingeraktion zu informieren.<\/li>\n<li>Zustimmung zur Kenntnisname der Datenschutzerkl\u00e4rung<\/li>\n<\/ul>\n<h5>Helfer<\/h5>\n<p>Bei einer Anmeldung als Helfer werden f\u00fcr Organisation und Durchf\u00fchrung folgende Daten erhoben<\/p>\n<ul>\n<li>Nachname<\/li>\n<li>Vorname<\/li>\n<li>Geburtsdatum<\/li>\n<li>Email<\/li>\n<li>Telefon<\/li>\n<li>Stra\u00dfe, Hausnr.<\/li>\n<li>PLZ, Ort<\/li>\n<li>Mithilfe Mittagesse<\/li>\n<li>Zeiten Begleiten Sternsingergruppe<\/li>\n<li>Angabe Instrument<\/li>\n<li>Kenntnisnahme Fotos im \u00f6ffentlichen Raum<\/li>\n<li>Zustimmung Verwendung Gruppenfotos f\u00fcr \u00d6ffentlichkeitsarbeit<\/li>\n<li>Zusitmmung Fotos im gesicherten, internen Webbereich<\/li>\n<li>Einverst\u00e4ndnis, dass pers\u00f6nlichen Daten daf\u00fcr verwendet werden d\u00fcrfen, im n\u00e4chsten Jahr erneut \u00fcber die Sternsingeraktion zu informieren.<\/li>\n<li>Zustimmung zur Kenntnisname der Datenschutzerkl\u00e4rung<\/li>\n<\/ul>\n<h5>Kinder<\/h5>\n<p>Bei einer Anmeldung von Kindern zur Sternsingeraktion werden f\u00fcr Organisation und Durchf\u00fchrung folgende Daten erhoben:<\/p>\n<ul>\n<li>Vorname Kind<\/li>\n<li>Nachname Kind<\/li>\n<li>Geburtsdatum Kind<\/li>\n<li>Hinweise der Eltern<\/li>\n<li>Vorname Anmeldende\/r<\/li>\n<li>Nachname Anmeldende\/r<\/li>\n<li>Email<\/li>\n<li>Telefon<\/li>\n<li>Stra\u00dfe, Hausnr.<\/li>\n<li>PLZ, Ort<\/li>\n<li>Teilnahmezeiten<\/li>\n<li>Erlaubnis, alleine nach Hause zu gehen<\/li>\n<li>Erlaubnis, in Pausen in den Herrengarten gehen zu d\u00fcrfen<\/li>\n<li>Kenntnisnahme Fotos im \u00f6ffentlichen Raum<\/li>\n<li>Zustimmung Verwendung Gruppenfotos f\u00fcr \u00d6ffentlichkeitsarbeit<\/li>\n<li>Zustimmung Fotos im gesicherten, internen Webbereich<\/li>\n<li>Einverst\u00e4ndnis, dass pers\u00f6nlichen Daten daf\u00fcr verwendet werden d\u00fcrfen, im n\u00e4chsten Jahr erneut \u00fcber die Sternsingeraktion zu informieren.<\/li>\n<li>Zustimmung zur Kenntnisname der Datenschutzerkl\u00e4rung<\/li>\n<\/ul>\n<h4>Dauer der Speicherung und L\u00f6schung personenbezogener Daten<\/h4>\n<p>Sp\u00e4testens zum 31.03 eines jeden Jahres werden die erhobenen Daten gel\u00f6scht. Es gelten folgende Ausnahmen:<\/p>\n<ul>\n<li>Pers\u00f6nliche Kontakt- und Adressdaten bei Einverst\u00e4ndnis zur Information \u00fcber n\u00e4chste Sternsingeraktion, bis zum 31.03. des Folgejahres<\/li>\n<li>Vorname, Name, Anschrift, Geburtsdatum der teilnehmenden Kinder und Helfer zur Beantragung von Zusch\u00fcssen, 2 Jahre nach letzter Teilnahme.<\/li>\n<li>Vorname, Name, Geburtsdatum der der teilnehmenden Kinder und Helfer zwecks F\u00fchrung einer Statistik zur Ehrung langj\u00e4hriger Teilnehmer, 5 Jahre nach letzter Teilnahme.<\/li>\n<li>Zustimmung zu Bildaufnahmen, 10 Jahre<\/li>\n<\/ul>\n<h4>SternsingerApp<\/h4>\n<p>Zur Durchf\u00fchrung der Aktion wird die Sternsinger App genutzt. Diese bietet die technische M\u00f6glichkeit, die Durchf\u00fchrung der Sternsingeraktion besser zu koordinieren. Folgende Daten werden in die App eingegeben<\/p>\n<ul>\n<li>Name, Anschrift zu besuchende Haushalte<\/li>\n<li>Name, Vorname, Zuodnung Gruppe von teilenehmenden Kindern und Helfern.<\/li>\n<\/ul>\n<p>N\u00e4here Informationen dazu finden Sie in der Datenschutzerkl\u00e4rung der Sternsinger-App: <a href=\"https:\/\/app.sternsinger.de\/pages\/privacy\">https:\/\/app.sternsinger.de\/pages\/privacy<\/a><\/p>\n<h3>Widerruf, \u00c4nderungen, Berichtigungen und Aktualisierungen<\/h3>\n<p>Der Nutzer hat das Recht, auf Antrag unentgeltlich Auskunft zu erhalten \u00fcber die personenbezogenen Daten, die \u00fcber ihn gespeichert wurden. Zus\u00e4tzlich hat der Nutzer das Recht auf Berichtigung unrichtiger Daten, Sperrung und L\u00f6schung seiner personenbezogenen Daten, soweit dem keine gesetzliche Aufbewahrungspflicht entgegensteht.<\/p>\n<h3>Ort der Datenverarbeitung<\/h3>\n<p>Ihre Daten werden in Deutschland verarbeitet.<\/p>\n<h3>Weitergabe der Daten an Dritte, zum Beispiel an Beh\u00f6rden<\/h3>\n<p>Zur Nuztung der Sternsinger-App werden die im Abschnitt\u00a0 &#8222;Sternsinger-App&#8220; aufgef\u00fchrten Daten an den zust\u00e4nndigen Betreiber weitergegeben. Ferner sind wir in bestimmten F\u00e4llen gesetzlich verpflichtet, Daten an eine anfragende staatliche Stelle zu \u00fcbermitteln. Dar\u00fcber hinaus geben wir keine Daten an Dritte weiter.<\/p>\n<h3>Auskunft \u00fcber gespeicherten Daten erhalten<\/h3>\n<p>Sie k\u00f6nnen unentgeltlich Auskunft \u00fcber den Umfang, die Herkunft und die Empf\u00e4nger der gespeicherten Daten sowie den Zweck der Speicherung verlangen.<\/p>\n<h3>Ansprechpartner, bei Fragen zum Datenschutz<\/h3>\n<p>Bei Fragen oder Kommentaren erreichen Sie uns<\/p>\n<p><a href=\"mailto:info@sternsinger-da-martinsviertel.de\">i<\/a><a href=\"mailto:info@sternsinger-da-martinsviertel.de\">nfo@sternsinger-da-martinsviertel.de<\/a><\/p>\n<p>Klaus Liepach,<br \/>\nMollerstra\u00dfe 14,<br \/>\n64289 Darmstadt<\/p>\n","protected":false},"excerpt":{"rendered":"<p>\u00d6kumenische Sternsinger im Martinsviertel Letzte Aktualisierung 16.11.2019 Allgemeines Der Schutz der pers\u00f6nlichen Daten hat f\u00fcr duns einen hohen Stellenwert. Es ist uns wichtig, Sie dar\u00fcber zu informieren, welche pers\u00f6nlichen Daten wir w\u00e4hrend Ihres Besuchs auf unseren Webseiten erfassen, wie diese verwendet werden und welche Gestaltungsm\u00f6glichkeiten Sie dabei haben. Dieser Datenschutzhinweis gibt Ihnen Antworten auf die &hellip; <a href=\"https:\/\/sternsinger-da-martinsviertel.de\/?page_id=942\" class=\"more-link\"><span class=\"screen-reader-text\">Datenschutz<\/span> weiterlesen <span class=\"meta-nav\">&rarr;<\/span><\/a><\/p>\n","protected":false},"author":3,"featured_media":0,"parent":0,"menu_order":0,"comment_status":"closed","ping_status":"closed","template":"","meta":{"footnotes":""},"class_list":["post-942","page","type-page","status-publish","hentry"],"_links":{"self":[{"href":"https:\/\/sternsinger-da-martinsviertel.de\/index.php?rest_route=\/wp\/v2\/pages\/942","targetHints":{"allow":["GET"]}}],"collection":[{"href":"https:\/\/sternsinger-da-martinsviertel.de\/index.php?rest_route=\/wp\/v2\/pages"}],"about":[{"href":"https:\/\/sternsinger-da-martinsviertel.de\/index.php?rest_route=\/wp\/v2\/types\/page"}],"author":[{"embeddable":true,"href":"https:\/\/sternsinger-da-martinsviertel.de\/index.php?rest_route=\/wp\/v2\/users\/3"}],"replies":[{"embeddable":true,"href":"https:\/\/sternsinger-da-martinsviertel.de\/index.php?rest_route=%2Fwp%2Fv2%2Fcomments&post=942"}],"version-history":[{"count":12,"href":"https:\/\/sternsinger-da-martinsviertel.de\/index.php?rest_route=\/wp\/v2\/pages\/942\/revisions"}],"predecessor-version":[{"id":1165,"href":"https:\/\/sternsinger-da-martinsviertel.de\/index.php?rest_route=\/wp\/v2\/pages\/942\/revisions\/1165"}],"wp:attachment":[{"href":"https:\/\/sternsinger-da-martinsviertel.de\/index.php?rest_route=%2Fwp%2Fv2%2Fmedia&parent=942"}],"curies":[{"name":"wp","href":"https:\/\/api.w.org\/{rel}","templated":true}]}}